{"id":641,"date":"2025-12-01T15:25:01","date_gmt":"2025-12-01T15:25:01","guid":{"rendered":"http:\/\/amelkhaies.fr\/?page_id=641"},"modified":"2026-02-25T13:33:34","modified_gmt":"2026-02-25T13:33:34","slug":"mouvement-director","status":"publish","type":"page","link":"https:\/\/amelkhaies.fr\/?page_id=641","title":{"rendered":"Mouvement director"},"content":{"rendered":"\t\t<div data-elementor-type=\"wp-page\" data-elementor-id=\"641\" class=\"elementor elementor-641\">\n\t\t\t\t<div class=\"elementor-element elementor-element-7f53654 e-flex e-con-boxed e-con e-parent\" data-id=\"7f53654\" data-element_type=\"container\" data-settings=\"{&quot;background_background&quot;:&quot;video&quot;,&quot;background_video_link&quot;:&quot;https:\\\/\\\/www.youtube.com\\\/watch?v=p8AgGTtXmac&amp;list=RDp8AgGTtXmac&amp;start_radio=1&quot;,&quot;background_play_on_mobile&quot;:&quot;yes&quot;}\">\n\t\t\t\t\t<div class=\"e-con-inner\">\n\t\t<div class=\"elementor-background-video-container\" aria-hidden=\"true\">\n\t\t\t\t\t\t\t<div class=\"elementor-background-video-embed\"><\/div>\n\t\t\t\t\t\t<\/div>\t\t<div class=\"elementor-element elementor-element-4ecead30 elementor-widget elementor-widget-spacer\" data-id=\"4ecead30\" data-element_type=\"widget\" data-widget_type=\"spacer.default\">\n\t\t\t\t\t\t\t<div class=\"elementor-spacer\">\n\t\t\t<div class=\"elementor-spacer-inner\"><\/div>\n\t\t<\/div>\n\t\t\t\t\t\t<\/div>\n\t\t\t\t<div class=\"elementor-element elementor-element-54721a31 elementor-widget elementor-widget-heading\" data-id=\"54721a31\" data-element_type=\"widget\" data-widget_type=\"heading.default\">\n\t\t\t\t\t<h2 class=\"elementor-heading-title elementor-size-default\">Mouvement Director<\/h2>\t\t\t\t<\/div>\n\t\t\t\t<div class=\"elementor-element elementor-element-df6e8b1 elementor-align-center elementor-widget elementor-widget-button\" data-id=\"df6e8b1\" data-element_type=\"widget\" data-widget_type=\"button.default\">\n\t\t\t\t\t\t\t\t\t\t<a class=\"elementor-button elementor-button-link elementor-size-sm\" href=\"https:\/\/www.youtube.com\/watch?v=p8AgGTtXmac\">\n\t\t\t\t\t\t<span class=\"elementor-button-content-wrapper\">\n\t\t\t\t\t\t\t\t\t<span class=\"elementor-button-text\">D\u00e9couvrir<\/span>\n\t\t\t\t\t<\/span>\n\t\t\t\t\t<\/a>\n\t\t\t\t\t\t\t\t<\/div>\n\t\t\t\t<div class=\"elementor-element elementor-element-639b2b07 elementor-widget elementor-widget-spacer\" data-id=\"639b2b07\" data-element_type=\"widget\" data-widget_type=\"spacer.default\">\n\t\t\t\t\t\t\t<div class=\"elementor-spacer\">\n\t\t\t<div class=\"elementor-spacer-inner\"><\/div>\n\t\t<\/div>\n\t\t\t\t\t\t<\/div>\n\t\t\t\t\t<\/div>\n\t\t\t\t<\/div>\n\t\t<div class=\"elementor-element elementor-element-46c7f295 e-con-full e-flex e-con e-parent\" data-id=\"46c7f295\" data-element_type=\"container\" data-settings=\"{&quot;background_background&quot;:&quot;classic&quot;}\">\n\t\t<div class=\"elementor-element elementor-element-2a785789 e-con-full e-flex e-con e-child\" data-id=\"2a785789\" data-element_type=\"container\">\n\t\t\t\t<div class=\"elementor-element elementor-element-346b7baf elementor-widget elementor-widget-spacer\" data-id=\"346b7baf\" data-element_type=\"widget\" data-widget_type=\"spacer.default\">\n\t\t\t\t\t\t\t<div class=\"elementor-spacer\">\n\t\t\t<div class=\"elementor-spacer-inner\"><\/div>\n\t\t<\/div>\n\t\t\t\t\t\t<\/div>\n\t\t\t\t<div class=\"elementor-element elementor-element-3629831d elementor-widget elementor-widget-heading\" data-id=\"3629831d\" data-element_type=\"widget\" data-widget_type=\"heading.default\">\n\t\t\t\t\t<h1 class=\"elementor-heading-title elementor-size-default\">Elle articule cr\u00e9ation et collaboration avec les industries cr\u00e9atives<\/h1>\t\t\t\t<\/div>\n\t\t\t\t<div class=\"elementor-element elementor-element-12a025 elementor-widget elementor-widget-spacer\" data-id=\"12a025\" data-element_type=\"widget\" data-widget_type=\"spacer.default\">\n\t\t\t\t\t\t\t<div class=\"elementor-spacer\">\n\t\t\t<div class=\"elementor-spacer-inner\"><\/div>\n\t\t<\/div>\n\t\t\t\t\t\t<\/div>\n\t\t\t\t<div class=\"elementor-element elementor-element-230bb890 elementor-widget elementor-widget-text-editor\" data-id=\"230bb890\" data-element_type=\"widget\" data-widget_type=\"text-editor.default\">\n\t\t\t\t\t\t\t\t\t<p>Danseuse\u2011chor\u00e9graphe et p\u00e9dagogue form\u00e9e au moderne\u2011jazz et \u00e0 la danse contemporaine, elle articule cr\u00e9ation, transmission et collaborations avec les industries cr\u00e9atives. <br>Son Bac+5 en commerce international, men\u00e9 en parall\u00e8le de son parcours artistique, nourrit une approche strat\u00e9gique : gestion de projets, d\u00e9veloppement de partenariats, production\/diffusion et pilotage budg\u00e9taire en France et \u00e0 l\u2019international.<\/p>\n<p>Elle signe des directions de mouvement pour l\u2019\u00e9cran&nbsp;<span style=\"letter-spacing: 0px; word-spacing: 0em;\">(clips, \u00e9missions TV et cin\u00e9ma),&nbsp;<\/span><span style=\"letter-spacing: 0px; word-spacing: 0em;\">la sc\u00e8ne et pour des maisons et des artistes.<\/span><\/p>\t\t\t\t\t\t\t\t<\/div>\n\t\t\t\t<div class=\"elementor-element elementor-element-41dce528 elementor-mobile-align-center elementor-align-right elementor-widget elementor-widget-button\" data-id=\"41dce528\" data-element_type=\"widget\" data-widget_type=\"button.default\">\n\t\t\t\t\t\t\t\t\t\t<a class=\"elementor-button elementor-button-link elementor-size-sm\" href=\"#\">\n\t\t\t\t\t\t<span class=\"elementor-button-content-wrapper\">\n\t\t\t\t\t\t\t\t\t<span class=\"elementor-button-text\">D\u00e9couvrir<\/span>\n\t\t\t\t\t<\/span>\n\t\t\t\t\t<\/a>\n\t\t\t\t\t\t\t\t<\/div>\n\t\t\t\t<div class=\"elementor-element elementor-element-7cb24e7b elementor-widget elementor-widget-spacer\" data-id=\"7cb24e7b\" data-element_type=\"widget\" data-widget_type=\"spacer.default\">\n\t\t\t\t\t\t\t<div class=\"elementor-spacer\">\n\t\t\t<div class=\"elementor-spacer-inner\"><\/div>\n\t\t<\/div>\n\t\t\t\t\t\t<\/div>\n\t\t\t\t<\/div>\n\t\t<div class=\"elementor-element elementor-element-7fd8783b e-con-full e-flex e-con e-child\" data-id=\"7fd8783b\" data-element_type=\"container\">\n\t\t\t\t<div class=\"elementor-element elementor-element-3d7c15fa elementor-widget elementor-widget-spacer\" data-id=\"3d7c15fa\" data-element_type=\"widget\" data-widget_type=\"spacer.default\">\n\t\t\t\t\t\t\t<div class=\"elementor-spacer\">\n\t\t\t<div class=\"elementor-spacer-inner\"><\/div>\n\t\t<\/div>\n\t\t\t\t\t\t<\/div>\n\t\t\t\t<div class=\"elementor-element elementor-element-7b1af2b2 elementor-widget elementor-widget-image\" data-id=\"7b1af2b2\" data-element_type=\"widget\" data-widget_type=\"image.default\">\n\t\t\t\t\t\t\t\t\t\t\t\t\t\t\t<img fetchpriority=\"high\" decoding=\"async\" width=\"1024\" height=\"679\" src=\"http:\/\/amelkhaies.fr\/wp-content\/uploads\/2025\/12\/IMG_3513-e1764603119467-1024x679.jpg\" class=\"attachment-large size-large wp-image-656\" alt=\"\" srcset=\"http:\/\/amelkhaies.fr\/wp-content\/uploads\/2025\/12\/IMG_3513-e1764603119467-1024x679.jpg 1024w, http:\/\/amelkhaies.fr\/wp-content\/uploads\/2025\/12\/IMG_3513-e1764603119467-300x199.jpg 300w, http:\/\/amelkhaies.fr\/wp-content\/uploads\/2025\/12\/IMG_3513-e1764603119467-768x509.jpg 768w, http:\/\/amelkhaies.fr\/wp-content\/uploads\/2025\/12\/IMG_3513-e1764603119467.jpg 1125w\" sizes=\"(max-width: 1024px) 100vw, 1024px\" \/>\t\t\t\t\t\t\t\t\t\t\t\t\t\t\t<\/div>\n\t\t\t\t<div class=\"elementor-element elementor-element-4b2146e elementor-widget elementor-widget-spacer\" data-id=\"4b2146e\" data-element_type=\"widget\" data-widget_type=\"spacer.default\">\n\t\t\t\t\t\t\t<div class=\"elementor-spacer\">\n\t\t\t<div class=\"elementor-spacer-inner\"><\/div>\n\t\t<\/div>\n\t\t\t\t\t\t<\/div>\n\t\t\t\t<\/div>\n\t\t\t\t<\/div>\n\t\t<div class=\"elementor-element elementor-element-07adef1 elementor-hidden-desktop e-flex e-con-boxed e-con e-parent\" data-id=\"07adef1\" data-element_type=\"container\">\n\t\t\t\t\t<div class=\"e-con-inner\">\n\t\t<div class=\"elementor-element elementor-element-47256c0 e-con-full e-flex e-con e-child\" data-id=\"47256c0\" data-element_type=\"container\">\n\t\t\t\t<div class=\"elementor-element elementor-element-1b50515 elementor-widget elementor-widget-image\" data-id=\"1b50515\" data-element_type=\"widget\" data-widget_type=\"image.default\">\n\t\t\t\t\t\t\t\t\t\t\t\t\t\t\t<img decoding=\"async\" width=\"449\" height=\"1024\" src=\"http:\/\/amelkhaies.fr\/wp-content\/uploads\/2025\/12\/Amel-Khaies-7-449x1024.jpg\" class=\"attachment-large size-large wp-image-700\" alt=\"\" srcset=\"http:\/\/amelkhaies.fr\/wp-content\/uploads\/2025\/12\/Amel-Khaies-7-449x1024.jpg 449w, http:\/\/amelkhaies.fr\/wp-content\/uploads\/2025\/12\/Amel-Khaies-7-132x300.jpg 132w, http:\/\/amelkhaies.fr\/wp-content\/uploads\/2025\/12\/Amel-Khaies-7-674x1536.jpg 674w, http:\/\/amelkhaies.fr\/wp-content\/uploads\/2025\/12\/Amel-Khaies-7.jpg 746w\" sizes=\"(max-width: 449px) 100vw, 449px\" \/>\t\t\t\t\t\t\t\t\t\t\t\t\t\t\t<\/div>\n\t\t\t\t<\/div>\n\t\t<div class=\"elementor-element elementor-element-8c9f38b e-grid e-con-full e-con e-child\" data-id=\"8c9f38b\" data-element_type=\"container\">\n\t\t\t\t<div class=\"elementor-element elementor-element-fe50b52 elementor-widget elementor-widget-image\" data-id=\"fe50b52\" data-element_type=\"widget\" data-widget_type=\"image.default\">\n\t\t\t\t\t\t\t\t\t\t\t\t\t\t\t\t<a href=\"https:\/\/www.instagram.com\/reel\/Crir-tZxYZO\/?igsh=MWVtOTg3eW1uOWZyMA%3D%3D\">\n\t\t\t\t\t\t\t<img decoding=\"async\" width=\"766\" height=\"1024\" src=\"http:\/\/amelkhaies.fr\/wp-content\/uploads\/2025\/12\/IMG_6310-e1764603668830-766x1024.jpg\" class=\"attachment-large size-large wp-image-664\" alt=\"\" srcset=\"http:\/\/amelkhaies.fr\/wp-content\/uploads\/2025\/12\/IMG_6310-e1764603668830-766x1024.jpg 766w, http:\/\/amelkhaies.fr\/wp-content\/uploads\/2025\/12\/IMG_6310-e1764603668830-224x300.jpg 224w, http:\/\/amelkhaies.fr\/wp-content\/uploads\/2025\/12\/IMG_6310-e1764603668830-768x1027.jpg 768w, http:\/\/amelkhaies.fr\/wp-content\/uploads\/2025\/12\/IMG_6310-e1764603668830.jpg 1124w\" sizes=\"(max-width: 766px) 100vw, 766px\" \/>\t\t\t\t\t\t\t\t<\/a>\n\t\t\t\t\t\t\t\t\t\t\t\t\t\t\t<\/div>\n\t\t\t\t<div class=\"elementor-element elementor-element-60032e2 elementor-widget elementor-widget-image\" data-id=\"60032e2\" data-element_type=\"widget\" data-widget_type=\"image.default\">\n\t\t\t\t\t\t\t\t\t\t\t\t\t\t\t\t<a href=\"https:\/\/www.instagram.com\/reel\/DDuGLfvAKJx\/?igsh=Z3Z2cWV3M2t5NWcz\">\n\t\t\t\t\t\t\t<img loading=\"lazy\" decoding=\"async\" width=\"746\" height=\"1001\" src=\"http:\/\/amelkhaies.fr\/wp-content\/uploads\/2025\/12\/Amel-Khaies-3.jpg\" class=\"attachment-large size-large wp-image-666\" alt=\"\" srcset=\"http:\/\/amelkhaies.fr\/wp-content\/uploads\/2025\/12\/Amel-Khaies-3.jpg 746w, http:\/\/amelkhaies.fr\/wp-content\/uploads\/2025\/12\/Amel-Khaies-3-224x300.jpg 224w\" sizes=\"(max-width: 746px) 100vw, 746px\" \/>\t\t\t\t\t\t\t\t<\/a>\n\t\t\t\t\t\t\t\t\t\t\t\t\t\t\t<\/div>\n\t\t\t\t<div class=\"elementor-element elementor-element-1562f29 elementor-widget elementor-widget-image\" data-id=\"1562f29\" data-element_type=\"widget\" data-widget_type=\"image.default\">\n\t\t\t\t\t\t\t\t\t\t\t\t\t\t\t\t<a href=\"https:\/\/www.instagram.com\/reel\/DDuGLfvAKJx\/?igsh=Z3Z2cWV3M2t5NWcz\">\n\t\t\t\t\t\t\t<img loading=\"lazy\" decoding=\"async\" width=\"746\" height=\"1001\" src=\"http:\/\/amelkhaies.fr\/wp-content\/uploads\/2025\/12\/Amel-Khaies-4.jpg\" class=\"attachment-large size-large wp-image-670\" alt=\"\" srcset=\"http:\/\/amelkhaies.fr\/wp-content\/uploads\/2025\/12\/Amel-Khaies-4.jpg 746w, http:\/\/amelkhaies.fr\/wp-content\/uploads\/2025\/12\/Amel-Khaies-4-224x300.jpg 224w\" sizes=\"(max-width: 746px) 100vw, 746px\" \/>\t\t\t\t\t\t\t\t<\/a>\n\t\t\t\t\t\t\t\t\t\t\t\t\t\t\t<\/div>\n\t\t\t\t<div class=\"elementor-element elementor-element-e62bd86 elementor-widget elementor-widget-image\" data-id=\"e62bd86\" data-element_type=\"widget\" data-widget_type=\"image.default\">\n\t\t\t\t\t\t\t\t\t\t\t\t\t\t\t\t<a href=\"https:\/\/www.instagram.com\/reel\/DIlDFc8g-yg\/?igsh=MW5hcmVhNmM1bnNhNQ%3D%3D\">\n\t\t\t\t\t\t\t<img loading=\"lazy\" decoding=\"async\" width=\"768\" height=\"1024\" src=\"http:\/\/amelkhaies.fr\/wp-content\/uploads\/2025\/12\/29ee9ff8-ad6f-4c5b-815d-6b39c7a2fbde-768x1024.jpg\" class=\"attachment-large size-large wp-image-665\" alt=\"\" srcset=\"http:\/\/amelkhaies.fr\/wp-content\/uploads\/2025\/12\/29ee9ff8-ad6f-4c5b-815d-6b39c7a2fbde-768x1024.jpg 768w, http:\/\/amelkhaies.fr\/wp-content\/uploads\/2025\/12\/29ee9ff8-ad6f-4c5b-815d-6b39c7a2fbde-225x300.jpg 225w, http:\/\/amelkhaies.fr\/wp-content\/uploads\/2025\/12\/29ee9ff8-ad6f-4c5b-815d-6b39c7a2fbde-1152x1536.jpg 1152w, http:\/\/amelkhaies.fr\/wp-content\/uploads\/2025\/12\/29ee9ff8-ad6f-4c5b-815d-6b39c7a2fbde.jpg 1536w\" sizes=\"(max-width: 768px) 100vw, 768px\" \/>\t\t\t\t\t\t\t\t<\/a>\n\t\t\t\t\t\t\t\t\t\t\t\t\t\t\t<\/div>\n\t\t\t\t<div class=\"elementor-element elementor-element-98ec8a9 elementor-widget elementor-widget-image\" data-id=\"98ec8a9\" data-element_type=\"widget\" data-widget_type=\"image.default\">\n\t\t\t\t\t\t\t\t\t\t\t\t\t\t\t\t<a href=\"https:\/\/www.instagram.com\/reel\/Cv7sVqIstcp\/?igsh=Nm1jbGRibWNhYjNj\">\n\t\t\t\t\t\t\t<img loading=\"lazy\" decoding=\"async\" width=\"764\" height=\"1024\" src=\"http:\/\/amelkhaies.fr\/wp-content\/uploads\/2025\/12\/IMG_6309-764x1024.jpg\" class=\"attachment-large size-large wp-image-663\" alt=\"\" srcset=\"http:\/\/amelkhaies.fr\/wp-content\/uploads\/2025\/12\/IMG_6309-764x1024.jpg 764w, http:\/\/amelkhaies.fr\/wp-content\/uploads\/2025\/12\/IMG_6309-224x300.jpg 224w, http:\/\/amelkhaies.fr\/wp-content\/uploads\/2025\/12\/IMG_6309-768x1029.jpg 768w, http:\/\/amelkhaies.fr\/wp-content\/uploads\/2025\/12\/IMG_6309.jpg 1125w\" sizes=\"(max-width: 764px) 100vw, 764px\" \/>\t\t\t\t\t\t\t\t<\/a>\n\t\t\t\t\t\t\t\t\t\t\t\t\t\t\t<\/div>\n\t\t\t\t<div class=\"elementor-element elementor-element-fe85092 elementor-widget elementor-widget-image\" data-id=\"fe85092\" data-element_type=\"widget\" data-widget_type=\"image.default\">\n\t\t\t\t\t\t\t\t\t\t\t\t\t\t\t\t<a href=\"https:\/\/www.instagram.com\/reel\/CvF7J_dNOMY\/?igsh=emJqYTduNm1hdjg2\">\n\t\t\t\t\t\t\t<img loading=\"lazy\" decoding=\"async\" width=\"746\" height=\"1001\" src=\"http:\/\/amelkhaies.fr\/wp-content\/uploads\/2025\/12\/Amel-Khaies-5.jpg\" class=\"attachment-large size-large wp-image-681\" alt=\"\" srcset=\"http:\/\/amelkhaies.fr\/wp-content\/uploads\/2025\/12\/Amel-Khaies-5.jpg 746w, http:\/\/amelkhaies.fr\/wp-content\/uploads\/2025\/12\/Amel-Khaies-5-224x300.jpg 224w\" sizes=\"(max-width: 746px) 100vw, 746px\" \/>\t\t\t\t\t\t\t\t<\/a>\n\t\t\t\t\t\t\t\t\t\t\t\t\t\t\t<\/div>\n\t\t\t\t<\/div>\n\t\t\t\t\t<\/div>\n\t\t\t\t<\/div>\n\t\t<div class=\"elementor-element elementor-element-28fe593 elementor-hidden-tablet elementor-hidden-mobile e-flex e-con-boxed e-con e-parent\" data-id=\"28fe593\" data-element_type=\"container\">\n\t\t\t\t\t<div class=\"e-con-inner\">\n\t\t<div class=\"elementor-element elementor-element-77a9ec8 e-con-full e-flex e-con e-child\" data-id=\"77a9ec8\" data-element_type=\"container\">\n\t\t\t\t<div class=\"elementor-element elementor-element-9a50d35 elementor-widget elementor-widget-image\" data-id=\"9a50d35\" data-element_type=\"widget\" data-widget_type=\"image.default\">\n\t\t\t\t\t\t\t\t\t\t\t\t\t\t\t<img decoding=\"async\" width=\"449\" height=\"1024\" src=\"http:\/\/amelkhaies.fr\/wp-content\/uploads\/2025\/12\/Amel-Khaies-7-449x1024.jpg\" class=\"attachment-large size-large wp-image-700\" alt=\"\" srcset=\"http:\/\/amelkhaies.fr\/wp-content\/uploads\/2025\/12\/Amel-Khaies-7-449x1024.jpg 449w, http:\/\/amelkhaies.fr\/wp-content\/uploads\/2025\/12\/Amel-Khaies-7-132x300.jpg 132w, http:\/\/amelkhaies.fr\/wp-content\/uploads\/2025\/12\/Amel-Khaies-7-674x1536.jpg 674w, http:\/\/amelkhaies.fr\/wp-content\/uploads\/2025\/12\/Amel-Khaies-7.jpg 746w\" sizes=\"(max-width: 449px) 100vw, 449px\" \/>\t\t\t\t\t\t\t\t\t\t\t\t\t\t\t<\/div>\n\t\t\t\t<\/div>\n\t\t<div class=\"elementor-element elementor-element-c4f6074 e-grid e-con-full e-con e-child\" data-id=\"c4f6074\" data-element_type=\"container\">\n\t\t\t\t<div class=\"elementor-element elementor-element-1a940e2 elementor-widget elementor-widget-image\" data-id=\"1a940e2\" data-element_type=\"widget\" data-widget_type=\"image.default\">\n\t\t\t\t\t\t\t\t\t\t\t\t\t\t\t\t<a href=\"https:\/\/www.instagram.com\/reel\/Crir-tZxYZO\/?igsh=MWVtOTg3eW1uOWZyMA%3D%3D\">\n\t\t\t\t\t\t\t<img decoding=\"async\" width=\"766\" height=\"1024\" src=\"http:\/\/amelkhaies.fr\/wp-content\/uploads\/2025\/12\/IMG_6310-e1764603668830-766x1024.jpg\" class=\"attachment-large size-large wp-image-664\" alt=\"\" srcset=\"http:\/\/amelkhaies.fr\/wp-content\/uploads\/2025\/12\/IMG_6310-e1764603668830-766x1024.jpg 766w, http:\/\/amelkhaies.fr\/wp-content\/uploads\/2025\/12\/IMG_6310-e1764603668830-224x300.jpg 224w, http:\/\/amelkhaies.fr\/wp-content\/uploads\/2025\/12\/IMG_6310-e1764603668830-768x1027.jpg 768w, http:\/\/amelkhaies.fr\/wp-content\/uploads\/2025\/12\/IMG_6310-e1764603668830.jpg 1124w\" sizes=\"(max-width: 766px) 100vw, 766px\" \/>\t\t\t\t\t\t\t\t<\/a>\n\t\t\t\t\t\t\t\t\t\t\t\t\t\t\t<\/div>\n\t\t\t\t<div class=\"elementor-element elementor-element-f1dc243 elementor-widget elementor-widget-image\" data-id=\"f1dc243\" data-element_type=\"widget\" data-widget_type=\"image.default\">\n\t\t\t\t\t\t\t\t\t\t\t\t\t\t\t\t<a href=\"https:\/\/www.instagram.com\/reel\/DDuGLfvAKJx\/?igsh=Z3Z2cWV3M2t5NWcz\">\n\t\t\t\t\t\t\t<img loading=\"lazy\" decoding=\"async\" width=\"746\" height=\"1001\" src=\"http:\/\/amelkhaies.fr\/wp-content\/uploads\/2025\/12\/Amel-Khaies-3.jpg\" class=\"attachment-large size-large wp-image-666\" alt=\"\" srcset=\"http:\/\/amelkhaies.fr\/wp-content\/uploads\/2025\/12\/Amel-Khaies-3.jpg 746w, http:\/\/amelkhaies.fr\/wp-content\/uploads\/2025\/12\/Amel-Khaies-3-224x300.jpg 224w\" sizes=\"(max-width: 746px) 100vw, 746px\" \/>\t\t\t\t\t\t\t\t<\/a>\n\t\t\t\t\t\t\t\t\t\t\t\t\t\t\t<\/div>\n\t\t\t\t<div class=\"elementor-element elementor-element-12358f5 elementor-widget elementor-widget-image\" data-id=\"12358f5\" data-element_type=\"widget\" data-widget_type=\"image.default\">\n\t\t\t\t\t\t\t\t\t\t\t\t\t\t\t\t<a href=\"https:\/\/www.instagram.com\/reel\/DDuGLfvAKJx\/?igsh=Z3Z2cWV3M2t5NWcz\">\n\t\t\t\t\t\t\t<img loading=\"lazy\" decoding=\"async\" width=\"746\" height=\"1001\" src=\"http:\/\/amelkhaies.fr\/wp-content\/uploads\/2025\/12\/Amel-Khaies-4.jpg\" class=\"attachment-large size-large wp-image-670\" alt=\"\" srcset=\"http:\/\/amelkhaies.fr\/wp-content\/uploads\/2025\/12\/Amel-Khaies-4.jpg 746w, http:\/\/amelkhaies.fr\/wp-content\/uploads\/2025\/12\/Amel-Khaies-4-224x300.jpg 224w\" sizes=\"(max-width: 746px) 100vw, 746px\" \/>\t\t\t\t\t\t\t\t<\/a>\n\t\t\t\t\t\t\t\t\t\t\t\t\t\t\t<\/div>\n\t\t\t\t<div class=\"elementor-element elementor-element-fdebedb elementor-widget elementor-widget-image\" data-id=\"fdebedb\" data-element_type=\"widget\" data-widget_type=\"image.default\">\n\t\t\t\t\t\t\t\t\t\t\t\t\t\t\t\t<a href=\"https:\/\/www.instagram.com\/reel\/DIlDFc8g-yg\/?igsh=MW5hcmVhNmM1bnNhNQ%3D%3D\">\n\t\t\t\t\t\t\t<img loading=\"lazy\" decoding=\"async\" width=\"768\" height=\"1024\" src=\"http:\/\/amelkhaies.fr\/wp-content\/uploads\/2025\/12\/29ee9ff8-ad6f-4c5b-815d-6b39c7a2fbde-768x1024.jpg\" class=\"attachment-large size-large wp-image-665\" alt=\"\" srcset=\"http:\/\/amelkhaies.fr\/wp-content\/uploads\/2025\/12\/29ee9ff8-ad6f-4c5b-815d-6b39c7a2fbde-768x1024.jpg 768w, http:\/\/amelkhaies.fr\/wp-content\/uploads\/2025\/12\/29ee9ff8-ad6f-4c5b-815d-6b39c7a2fbde-225x300.jpg 225w, http:\/\/amelkhaies.fr\/wp-content\/uploads\/2025\/12\/29ee9ff8-ad6f-4c5b-815d-6b39c7a2fbde-1152x1536.jpg 1152w, http:\/\/amelkhaies.fr\/wp-content\/uploads\/2025\/12\/29ee9ff8-ad6f-4c5b-815d-6b39c7a2fbde.jpg 1536w\" sizes=\"(max-width: 768px) 100vw, 768px\" \/>\t\t\t\t\t\t\t\t<\/a>\n\t\t\t\t\t\t\t\t\t\t\t\t\t\t\t<\/div>\n\t\t\t\t<div class=\"elementor-element elementor-element-5027133 elementor-widget elementor-widget-image\" data-id=\"5027133\" data-element_type=\"widget\" data-widget_type=\"image.default\">\n\t\t\t\t\t\t\t\t\t\t\t\t\t\t\t\t<a href=\"https:\/\/www.instagram.com\/reel\/Cv7sVqIstcp\/?igsh=Nm1jbGRibWNhYjNj\">\n\t\t\t\t\t\t\t<img loading=\"lazy\" decoding=\"async\" width=\"764\" height=\"1024\" src=\"http:\/\/amelkhaies.fr\/wp-content\/uploads\/2025\/12\/IMG_6309-764x1024.jpg\" class=\"attachment-large size-large wp-image-663\" alt=\"\" srcset=\"http:\/\/amelkhaies.fr\/wp-content\/uploads\/2025\/12\/IMG_6309-764x1024.jpg 764w, http:\/\/amelkhaies.fr\/wp-content\/uploads\/2025\/12\/IMG_6309-224x300.jpg 224w, http:\/\/amelkhaies.fr\/wp-content\/uploads\/2025\/12\/IMG_6309-768x1029.jpg 768w, http:\/\/amelkhaies.fr\/wp-content\/uploads\/2025\/12\/IMG_6309.jpg 1125w\" sizes=\"(max-width: 764px) 100vw, 764px\" \/>\t\t\t\t\t\t\t\t<\/a>\n\t\t\t\t\t\t\t\t\t\t\t\t\t\t\t<\/div>\n\t\t\t\t<div class=\"elementor-element elementor-element-6e70ee8 elementor-widget elementor-widget-image\" data-id=\"6e70ee8\" data-element_type=\"widget\" data-widget_type=\"image.default\">\n\t\t\t\t\t\t\t\t\t\t\t\t\t\t\t\t<a href=\"https:\/\/www.instagram.com\/reel\/CvF7J_dNOMY\/?igsh=emJqYTduNm1hdjg2\">\n\t\t\t\t\t\t\t<img loading=\"lazy\" decoding=\"async\" width=\"746\" height=\"1001\" src=\"http:\/\/amelkhaies.fr\/wp-content\/uploads\/2025\/12\/Amel-Khaies-5.jpg\" class=\"attachment-large size-large wp-image-681\" alt=\"\" srcset=\"http:\/\/amelkhaies.fr\/wp-content\/uploads\/2025\/12\/Amel-Khaies-5.jpg 746w, http:\/\/amelkhaies.fr\/wp-content\/uploads\/2025\/12\/Amel-Khaies-5-224x300.jpg 224w\" sizes=\"(max-width: 746px) 100vw, 746px\" \/>\t\t\t\t\t\t\t\t<\/a>\n\t\t\t\t\t\t\t\t\t\t\t\t\t\t\t<\/div>\n\t\t\t\t<\/div>\n\t\t\t\t\t<\/div>\n\t\t\t\t<\/div>\n\t\t<div class=\"elementor-element elementor-element-3ddd438f e-flex e-con-boxed e-con e-parent\" data-id=\"3ddd438f\" data-element_type=\"container\" data-settings=\"{&quot;background_background&quot;:&quot;classic&quot;}\">\n\t\t\t\t\t<div class=\"e-con-inner\">\n\t\t<div class=\"elementor-element elementor-element-52925e1a e-con-full e-flex e-con e-child\" data-id=\"52925e1a\" data-element_type=\"container\">\n\t\t\t\t<div class=\"elementor-element elementor-element-4b871d53 elementor-widget elementor-widget-image\" data-id=\"4b871d53\" data-element_type=\"widget\" data-widget_type=\"image.default\">\n\t\t\t\t\t\t\t\t\t\t\t\t\t\t\t<img loading=\"lazy\" decoding=\"async\" width=\"595\" height=\"366\" src=\"http:\/\/amelkhaies.fr\/wp-content\/uploads\/2025\/08\/Amel-logo-e1754397832869.png\" class=\"attachment-large size-large wp-image-173\" alt=\"\" srcset=\"http:\/\/amelkhaies.fr\/wp-content\/uploads\/2025\/08\/Amel-logo-e1754397832869.png 595w, http:\/\/amelkhaies.fr\/wp-content\/uploads\/2025\/08\/Amel-logo-e1754397832869-300x185.png 300w\" sizes=\"(max-width: 595px) 100vw, 595px\" \/>\t\t\t\t\t\t\t\t\t\t\t\t\t\t\t<\/div>\n\t\t\t\t<\/div>\n\t\t<div class=\"elementor-element elementor-element-1f7d1293 e-con-full e-flex e-con e-child\" data-id=\"1f7d1293\" data-element_type=\"container\">\n\t\t\t\t<div class=\"elementor-element elementor-element-20e4980e elementor-widget elementor-widget-text-editor\" data-id=\"20e4980e\" data-element_type=\"widget\" data-widget_type=\"text-editor.default\">\n\t\t\t\t\t\t\t\t\t<div id=\"bgLayers_comp-iupkmdap\" class=\"MW5IWV\" data-hook=\"bgLayers\" data-motion-part=\"BG_LAYER comp-iupkmdap\"><div id=\"bgMedia_comp-iupkmdap\" class=\"VgO9Yg\" data-motion-part=\"BG_MEDIA comp-iupkmdap\"><strong>Contact<\/strong><\/div><div data-motion-part=\"BG_MEDIA comp-iupkmdap\">amelkhaies@gmail.com<\/div><\/div>\t\t\t\t\t\t\t\t<\/div>\n\t\t\t\t<\/div>\n\t\t<div class=\"elementor-element elementor-element-3282c5a8 e-con-full e-flex e-con e-child\" data-id=\"3282c5a8\" data-element_type=\"container\">\n\t\t\t\t<div class=\"elementor-element elementor-element-705af46d elementor-widget elementor-widget-text-editor\" data-id=\"705af46d\" data-element_type=\"widget\" data-widget_type=\"text-editor.default\">\n\t\t\t\t\t\t\t\t\t<div id=\"bgLayers_comp-iupkmdap\" class=\"MW5IWV\" data-hook=\"bgLayers\" data-motion-part=\"BG_LAYER comp-iupkmdap\"><div id=\"bgMedia_comp-iupkmdap\" class=\"VgO9Yg\" data-motion-part=\"BG_MEDIA comp-iupkmdap\"><strong>R\u00e9seaux Sociaux<\/strong><\/div><div data-motion-part=\"BG_MEDIA comp-iupkmdap\">@amelkhaies<\/div><\/div>\t\t\t\t\t\t\t\t<\/div>\n\t\t\t\t<\/div>\n\t\t<div class=\"elementor-element elementor-element-16061eec e-con-full e-flex e-con e-child\" data-id=\"16061eec\" data-element_type=\"container\">\n\t\t\t\t<div class=\"elementor-element elementor-element-4d67ad5d elementor-widget elementor-widget-text-editor\" data-id=\"4d67ad5d\" data-element_type=\"widget\" data-widget_type=\"text-editor.default\">\n\t\t\t\t\t\t\t\t\t<div id=\"bgLayers_comp-iupkmdap\" class=\"MW5IWV\" data-hook=\"bgLayers\" data-motion-part=\"BG_LAYER comp-iupkmdap\"><div id=\"bgMedia_comp-iupkmdap\" class=\"VgO9Yg\" data-motion-part=\"BG_MEDIA comp-iupkmdap\">Politique de cookies<\/div><div data-motion-part=\"BG_MEDIA comp-iupkmdap\">Mentions l\u00e9gales<\/div><div data-motion-part=\"BG_MEDIA comp-iupkmdap\">Politique de confidentialit\u00e9<\/div><\/div>\t\t\t\t\t\t\t\t<\/div>\n\t\t\t\t<div class=\"elementor-element elementor-element-7cca89b1 elementor-widget elementor-widget-text-editor\" data-id=\"7cca89b1\" data-element_type=\"widget\" data-widget_type=\"text-editor.default\">\n\t\t\t\t\t\t\t\t\t<p>R\u00e9alis\u00e9 par Am\u00e9lya Tounsi pour Amel Khaies<\/p>\t\t\t\t\t\t\t\t<\/div>\n\t\t\t\t<\/div>\n\t\t\t\t\t<\/div>\n\t\t\t\t<\/div>\n\t\t\t\t<\/div>\n\t\t","protected":false},"excerpt":{"rendered":"<p>Mouvement Director D\u00e9couvrir Elle articule cr\u00e9ation et collaboration avec les industries cr\u00e9atives Danseuse\u2011chor\u00e9graphe et p\u00e9dagogue form\u00e9e au moderne\u2011jazz et \u00e0 la danse contemporaine, elle articule cr\u00e9ation, transmission et collaborations avec les industries cr\u00e9atives. Son Bac+5 en commerce international, men\u00e9 en parall\u00e8le de son parcours artistique, nourrit une approche strat\u00e9gique : gestion de projets, d\u00e9veloppement de&nbsp;&hellip;<\/p>\n","protected":false},"author":1,"featured_media":0,"parent":0,"menu_order":0,"comment_status":"closed","ping_status":"closed","template":"elementor_header_footer","meta":{"footnotes":""},"class_list":["post-641","page","type-page","status-publish","hentry"],"_links":{"self":[{"href":"https:\/\/amelkhaies.fr\/index.php?rest_route=\/wp\/v2\/pages\/641","targetHints":{"allow":["GET"]}}],"collection":[{"href":"https:\/\/amelkhaies.fr\/index.php?rest_route=\/wp\/v2\/pages"}],"about":[{"href":"https:\/\/amelkhaies.fr\/index.php?rest_route=\/wp\/v2\/types\/page"}],"author":[{"embeddable":true,"href":"https:\/\/amelkhaies.fr\/index.php?rest_route=\/wp\/v2\/users\/1"}],"replies":[{"embeddable":true,"href":"https:\/\/amelkhaies.fr\/index.php?rest_route=%2Fwp%2Fv2%2Fcomments&post=641"}],"version-history":[{"count":55,"href":"https:\/\/amelkhaies.fr\/index.php?rest_route=\/wp\/v2\/pages\/641\/revisions"}],"predecessor-version":[{"id":948,"href":"https:\/\/amelkhaies.fr\/index.php?rest_route=\/wp\/v2\/pages\/641\/revisions\/948"}],"wp:attachment":[{"href":"https:\/\/amelkhaies.fr\/index.php?rest_route=%2Fwp%2Fv2%2Fmedia&parent=641"}],"curies":[{"name":"wp","href":"https:\/\/api.w.org\/{rel}","templated":true}]}}